{"id":33,"date":"2023-04-27T19:42:02","date_gmt":"2023-04-27T19:42:02","guid":{"rendered":"http:\/\/marsal-group.cat\/?page_id=33"},"modified":"2025-12-03T11:18:30","modified_gmt":"2025-12-03T09:18:30","slug":"projects","status":"publish","type":"page","link":"https:\/\/marsal-group.cat\/index.php\/projects\/","title":{"rendered":"Projects"},"content":{"rendered":"\n<h3 class=\"wp-block-heading\">NanoElectronic and PHOtonic Systems (NEPHOS) Funding<\/h3>\n\n\n\n<ul>\n<li><a href=\"https:\/\/www.urv.cat\/html\/grupsrecerca\/financament-G259.php#europeu\"><em>European Union<\/em><\/a>&nbsp;<\/li>\n\n\n\n<li><a href=\"https:\/\/www.urv.cat\/html\/grupsrecerca\/financament-G259.php#nacional\"><em>Spanish Government<\/em><\/a>  &nbsp;<\/li>\n\n\n\n<li><a href=\"https:\/\/www.urv.cat\/html\/grupsrecerca\/financament-G259.php#catala\"><em>&nbsp;Generalitat de<\/em> <em>Catalunya<\/em><\/a>&nbsp;<\/li>\n\n\n\n<li><a href=\"https:\/\/www.urv.cat\/html\/grupsrecerca\/financament-G259.php#altres\"><em>Others<\/em><\/a>&nbsp;<\/li>\n\n\n\n<li><a href=\"https:\/\/www.urv.cat\/html\/grupsrecerca\/financament-G259.php#contracte_rd\"><em>R&amp;D contracts<\/em><\/a>&nbsp;<\/li>\n\n\n\n<li><a href=\"https:\/\/www.urv.cat\/html\/grupsrecerca\/financament-G259.php#contracte_ps\"><em>Contracts for the provision of services<\/em><\/a>&nbsp;<\/li>\n<\/ul>\n\n\n\n<p><em><strong>Selected Projects<\/strong><\/em>:<\/p>\n\n\n\n<ul>\n<li>Project title: \u201c<strong>Conversion of Energy in Sustainable Chemicals (CESC)<\/strong>\u201d (2023CLIMA00067); Funding entity:\u00a0Agency for Management of University and Research Grants (AGAUR); Project leader: Llu\u00eds F. Marsal, Duration, from: 2024 to: 2026, (360.000 Euro)<\/li>\n\n\n\n<li>Project title: \u201c<strong>Network for research, innovation and product development on porous semiconductors and oxides (NETPORE)<\/strong>\u201d (CA20126); Funding entity: European Cooperation in Science and Technology, EU; Project leader: Llu\u00eds F. Marsal, Duration, from: 2021 to: 2025, (700.000 Euro)<\/li>\n\n\n\n<li>Project title: \u201c<strong>Advanced engineering of nanoporous structures for harnessing light-matter interactions in optoelectronic devices<\/strong>\u201d (APOLIGHT) (PID2021-128342OB-I00)\u00a0; Funding entity: Ministry of Science, Innovation and Universities; Project leader: Llu\u00eds F. Marsal\/Josep Ferre-Borrull; Duration from 2022 to 2025, (234.135 Euro)<\/li>\n\n\n\n<li>Project title: \u201c<strong>Development of new technologies for applications in energy and health<\/strong>\u201d; Funding entity: Instituci\u00f3 Catalana de Recerca i Estudis Avan\u00e7ats (ICREA); Project leader: Llu\u00eds F. Marsal, Duration, from: 2021 to: 2026 (200.000 Euro)<\/li>\n\n\n\n<li>Project title: \u201c<strong>Structures for sensing devices and polymer solar cells <\/strong>(MINASENSOL)\u201d (RTI2018-094040-B-I00)\u00a0; Funding entity: Ministry of Science, Innovation and Universities; Project leader: Llu\u00eds F. Marsal, Duration, from: 2019 to: 2021, (110.110 Euro)<\/li>\n<\/ul>\n","protected":false},"excerpt":{"rendered":"<p>NanoElectronic and PHOtonic Systems (NEPHOS) Funding Selected Projects:<\/p>\n","protected":false},"author":1,"featured_media":0,"parent":0,"menu_order":0,"comment_status":"closed","ping_status":"closed","template":"","meta":{"_acf_changed":false,"footnotes":""},"acf":[],"_links":{"self":[{"href":"https:\/\/marsal-group.cat\/index.php\/wp-json\/wp\/v2\/pages\/33"}],"collection":[{"href":"https:\/\/marsal-group.cat\/index.php\/wp-json\/wp\/v2\/pages"}],"about":[{"href":"https:\/\/marsal-group.cat\/index.php\/wp-json\/wp\/v2\/types\/page"}],"author":[{"embeddable":true,"href":"https:\/\/marsal-group.cat\/index.php\/wp-json\/wp\/v2\/users\/1"}],"replies":[{"embeddable":true,"href":"https:\/\/marsal-group.cat\/index.php\/wp-json\/wp\/v2\/comments?post=33"}],"version-history":[{"count":7,"href":"https:\/\/marsal-group.cat\/index.php\/wp-json\/wp\/v2\/pages\/33\/revisions"}],"predecessor-version":[{"id":1883,"href":"https:\/\/marsal-group.cat\/index.php\/wp-json\/wp\/v2\/pages\/33\/revisions\/1883"}],"wp:attachment":[{"href":"https:\/\/marsal-group.cat\/index.php\/wp-json\/wp\/v2\/media?parent=33"}],"curies":[{"name":"wp","href":"https:\/\/api.w.org\/{rel}","templated":true}]}}